{"id":12,"date":"2017-01-02T13:25:27","date_gmt":"2017-01-02T10:25:27","guid":{"rendered":"http:\/\/www.baltia.ropefest.com\/?page_id=12"},"modified":"2018-06-06T01:11:40","modified_gmt":"2018-06-05T22:11:40","slug":"organizators","status":"publish","type":"page","link":"https:\/\/www.baltia.ropefest.com\/lv\/organizators\/","title":{"rendered":"Organiz\u0113t\u0101ji"},"content":{"rendered":"<p>Festiv\u0101la organiz\u0113t\u0101ji:<\/p>\n<p>Rado\u0161a apvien\u012bba ArtCo (Boris Mosafir, Karol, Ishemia)<br \/>\nE-pasts: <a href=\"mailto:ropefest@artco.su\" target=\"_blank\">ropefest@artco.su<\/a><\/p>\n<p><a href=\"https:\/\/www.facebook.com\/kinbaku.lv\" target=\"_blank\">Bond\u0101\u017eas studija Kinbaku.lv<\/a><br \/>\nE-pasts: <a href=\"mailto:studio@kinbaku.lv\" target=\"_blank\">studio@kinbaku.lv<\/a><br \/>\nT\u0101lrunis: +371 29419939<\/p>","protected":false},"excerpt":{"rendered":"<p>Festiv\u0101la organiz\u0113t\u0101ji: Rado\u0161a apvien\u012bba ArtCo (Boris Mosafir, Karol, Ishemia) E-pasts: ropefest@artco.su Bond\u0101\u017eas studija Kinbaku.lv E-pasts: studio@kinbaku.lv T\u0101lrunis: +371 29419939<\/p>\n","protected":false},"author":1,"featured_media":0,"parent":0,"menu_order":0,"comment_status":"closed","ping_status":"closed","template":"template-fullwidth.php","meta":{"footnotes":""},"class_list":["post-12","page","type-page","status-publish","hentry"],"_links":{"self":[{"href":"https:\/\/www.baltia.ropefest.com\/lv\/wp-json\/wp\/v2\/pages\/12","targetHints":{"allow":["GET"]}}],"collection":[{"href":"https:\/\/www.baltia.ropefest.com\/lv\/wp-json\/wp\/v2\/pages"}],"about":[{"href":"https:\/\/www.baltia.ropefest.com\/lv\/wp-json\/wp\/v2\/types\/page"}],"author":[{"embeddable":true,"href":"https:\/\/www.baltia.ropefest.com\/lv\/wp-json\/wp\/v2\/users\/1"}],"replies":[{"embeddable":true,"href":"https:\/\/www.baltia.ropefest.com\/lv\/wp-json\/wp\/v2\/comments?post=12"}],"version-history":[{"count":0,"href":"https:\/\/www.baltia.ropefest.com\/lv\/wp-json\/wp\/v2\/pages\/12\/revisions"}],"wp:attachment":[{"href":"https:\/\/www.baltia.ropefest.com\/lv\/wp-json\/wp\/v2\/media?parent=12"}],"curies":[{"name":"wp","href":"https:\/\/api.w.org\/{rel}","templated":true}]}}