{"id":19,"date":"2017-01-02T13:29:43","date_gmt":"2017-01-02T10:29:43","guid":{"rendered":"http:\/\/www.baltia.ropefest.com\/?page_id=19"},"modified":"2018-06-06T00:58:53","modified_gmt":"2018-06-05T21:58:53","slug":"tickets","status":"publish","type":"page","link":"https:\/\/www.baltia.ropefest.com\/lv\/tickets\/","title":{"rendered":"Bi\u013cetes"},"content":{"rendered":"<p><a href=\"https:\/\/www.ticketshop.lv\/site\/events\/view\/2612\" target=\"_blank\">NOPIRKT BI\u013bETES Ticketshop.lv<\/a><\/p>\n<p>&nbsp;<\/p>\n<p>Bi\u013ce\u0161u cenas priek\u0161p\u0101rdo\u0161an\u0101 <a href=\"https:\/\/www.ticketshop.lv\/site\/events\/view\/2612\" target=\"_blank\">Ticketshop.lv<\/a> vietn\u0113:<\/p>\n<ul>\n<li>EUR 23 vienai festiv\u0101la dienai<\/li>\n<li>EUR 35 ab\u0101m festiv\u0101la dien\u0101m<\/li>\n<\/ul>\n<p>Vienas dienas bi\u013cetes cena pie ieejas klub\u0101 b\u016bs 25 EUR<\/p>\n<p>&nbsp;<\/p>\n<p>Pas\u0101kum\u0101 tiks ielaistas tikai pilngad\u012bgas personas (18+)<\/p>","protected":false},"excerpt":{"rendered":"<p>NOPIRKT BI\u013bETES Ticketshop.lv &nbsp; Bi\u013ce\u0161u cenas priek\u0161p\u0101rdo\u0161an\u0101 Ticketshop.lv vietn\u0113: EUR 23 vienai festiv\u0101la dienai EUR 35 ab\u0101m festiv\u0101la dien\u0101m Vienas dienas bi\u013cetes cena pie ieejas klub\u0101 b\u016bs 25 EUR &nbsp; Pas\u0101kum\u0101 tiks ielaistas tikai pilngad\u012bgas personas (18+)<\/p>\n","protected":false},"author":1,"featured_media":0,"parent":0,"menu_order":0,"comment_status":"closed","ping_status":"closed","template":"template-fullwidth.php","meta":{"footnotes":""},"class_list":["post-19","page","type-page","status-publish","hentry"],"_links":{"self":[{"href":"https:\/\/www.baltia.ropefest.com\/lv\/wp-json\/wp\/v2\/pages\/19","targetHints":{"allow":["GET"]}}],"collection":[{"href":"https:\/\/www.baltia.ropefest.com\/lv\/wp-json\/wp\/v2\/pages"}],"about":[{"href":"https:\/\/www.baltia.ropefest.com\/lv\/wp-json\/wp\/v2\/types\/page"}],"author":[{"embeddable":true,"href":"https:\/\/www.baltia.ropefest.com\/lv\/wp-json\/wp\/v2\/users\/1"}],"replies":[{"embeddable":true,"href":"https:\/\/www.baltia.ropefest.com\/lv\/wp-json\/wp\/v2\/comments?post=19"}],"version-history":[{"count":0,"href":"https:\/\/www.baltia.ropefest.com\/lv\/wp-json\/wp\/v2\/pages\/19\/revisions"}],"wp:attachment":[{"href":"https:\/\/www.baltia.ropefest.com\/lv\/wp-json\/wp\/v2\/media?parent=19"}],"curies":[{"name":"wp","href":"https:\/\/api.w.org\/{rel}","templated":true}]}}