{"id":26,"date":"2017-01-02T13:32:52","date_gmt":"2017-01-02T10:32:52","guid":{"rendered":"http:\/\/www.baltia.ropefest.com\/?page_id=26"},"modified":"2018-06-06T01:08:37","modified_gmt":"2018-06-05T22:08:37","slug":"about","status":"publish","type":"page","link":"https:\/\/www.baltia.ropefest.com\/lv\/about\/","title":{"rendered":"Par festiv\u0101lu"},"content":{"rendered":"<p>Starptautiskais \u0161ibari festiv\u0101ls RopeFest atgrie\u017eas R\u012bg\u0101 2018. gad\u0101 jau otro reizi p\u0113c veiksm\u012bgas debijas pag\u0101ju\u0161aj\u0101 vasar\u0101. Jap\u0101\u0146u valod\u0101 v\u0101rdu &#8220;\u0161ibari&#8221; izmanto lai aprakst\u012btu sasie\u0161anu visp\u0101r\u0113j\u0101 veid\u0101, un m\u016bsdien\u0101s abus jap\u0101\u0146u j\u0113dzienus &#8220;\u0161ibari&#8221;, kas noz\u012bm\u0113 &#8220;sasie\u0161ana&#8221;, un &#8220;kinbaku&#8221;, kas noz\u012bm\u0113 &#8220;cie\u0161a sasie\u0161ana&#8221;, izmanto lai nosauktu jap\u0101\u0146u virvju bond\u0101\u017eas m\u0101ksliniecisku formu. <\/p>\n<p>M\u016bsu festiv\u0101ls ir vieta kur socializ\u0113ties, sadraudz\u0113ties, apmain\u012bties ar pieredzi, un jauki pavad\u012bt laiku. <\/p>\n<p>Pas\u0101kum\u0101 tiks ielaistas tikai pilngad\u012bgas personas (18+) <\/p>\n<p>Organiz\u0113t\u0101ji:<\/p>\n<ul>\n<li>Rado\u0161a apvien\u012bba ArtCo (e-mail: <a href=\"mailto:ropefest@artco.su\" target=\"_blank\">ropefest@artco.su<\/a>)<\/li>\n<li><a href=\"https:\/\/www.facebook.com\/kinbaku.lv\" target=\"_blank\">Bond\u0101\u017eas studija Kinbaku.lv<\/a> (e-mail: <a href=\"mailto:studio@kinbaku.lv\" target=\"_blank\">studio@kinbaku.lv<\/a>)<\/li>\n<\/ul>\n<p><img loading=\"lazy\" decoding=\"async\" class=\" wp-image-108 alignleft\" src=\"http:\/\/www.scandinavia.ropefest.com\/wp-content\/uploads\/2016\/05\/yugen.png\" alt=\"yugen\" width=\"132\" height=\"100\" \/><\/p>\n<p>\u0122ener\u0101lais festiv\u0101la partneris: \u0160ibari klubs \u00abJugen\u00bb.<\/p>\n<p>Klubs r\u012bko ikm\u0113ne\u0161a \u0161ibari pas\u0101kumus St. P\u0113terburg\u0101, Krievij\u0101 kop\u0161 2009. gada<\/p>\n<p>Vietne: <a href=\"https:\/\/vk.com\/yugenshibariclub\" target=\"_blank\">https:\/\/vk.com\/yugenshibariclub<\/a><\/p>\n<p>&nbsp;<\/p>\n<p><a href=\"http:\/\/www.sexystyle.lv\" target=\"_blank\"><img loading=\"lazy\" decoding=\"async\" class=\"alignnone size-medium wp-image-221\" src=\"http:\/\/www.baltia.ropefest.com\/wp-content\/uploads\/2017\/01\/Logo-CC3366-300x79.png\" alt=\"Logo-CC3366\" width=\"300\" height=\"79\" srcset=\"https:\/\/www.baltia.ropefest.com\/wp-content\/uploads\/2017\/01\/Logo-CC3366-300x79.png 300w, https:\/\/www.baltia.ropefest.com\/wp-content\/uploads\/2017\/01\/Logo-CC3366-768x202.png 768w, https:\/\/www.baltia.ropefest.com\/wp-content\/uploads\/2017\/01\/Logo-CC3366-1024x269.png 1024w, https:\/\/www.baltia.ropefest.com\/wp-content\/uploads\/2017\/01\/Logo-CC3366.png 1900w\" sizes=\"auto, (max-width: 300px) 100vw, 300px\" \/><\/a><\/p>\n<p>Inform\u0101cijas partneris: Veikals \u00abSexyStyle\u00bb<\/p>\n<p>Vietne: <a href=\"http:\/\/www.sexystyle.lv\" target=\"_blank\">www.sexystyle.lv<\/a><\/p>\n<p>&nbsp;<\/p>\n<p><img loading=\"lazy\" decoding=\"async\" class=\"size-full wp-image-188 alignleft\" src=\"http:\/\/www.baltia.ropefest.com\/wp-content\/uploads\/2017\/01\/kinkafisharu-logo-221x50.png\" alt=\"kinkafisharu-logo-221x50\" width=\"221\" height=\"50\" \/><\/p>\n<p>Inform\u0101cijas partneris: KinkAfisha.ru<\/p>\n<p>Vietne: <a href=\"http:\/\/www.kinkafisha.ru\/\" target=\"_blank\">KinkAfisha.ru<\/a><\/p>","protected":false},"excerpt":{"rendered":"<p>Starptautiskais \u0161ibari festiv\u0101ls RopeFest atgrie\u017eas R\u012bg\u0101 2018. gad\u0101 jau otro reizi p\u0113c veiksm\u012bgas debijas pag\u0101ju\u0161aj\u0101 vasar\u0101. Jap\u0101\u0146u valod\u0101 v\u0101rdu &#8220;\u0161ibari&#8221; izmanto lai aprakst\u012btu sasie\u0161anu visp\u0101r\u0113j\u0101 veid\u0101, un m\u016bsdien\u0101s abus jap\u0101\u0146u j\u0113dzienus &#8220;\u0161ibari&#8221;, kas noz\u012bm\u0113 &#8220;sasie\u0161ana&#8221;, un &#8220;kinbaku&#8221;, kas noz\u012bm\u0113 &#8220;cie\u0161a sasie\u0161ana&#8221;, izmanto lai nosauktu jap\u0101\u0146u virvju bond\u0101\u017eas m\u0101ksliniecisku formu. M\u016bsu festiv\u0101ls ir vieta kur socializ\u0113ties,<a class=\"moretag\" href=\"https:\/\/www.baltia.ropefest.com\/lv\/about\/\"><span class=\"screen-reader-text\">Read more about Par festiv\u0101lu<\/span>[&#8230;]<\/a><\/p>\n","protected":false},"author":1,"featured_media":0,"parent":0,"menu_order":0,"comment_status":"closed","ping_status":"closed","template":"template-fullwidth.php","meta":{"footnotes":""},"class_list":["post-26","page","type-page","status-publish","hentry"],"_links":{"self":[{"href":"https:\/\/www.baltia.ropefest.com\/lv\/wp-json\/wp\/v2\/pages\/26","targetHints":{"allow":["GET"]}}],"collection":[{"href":"https:\/\/www.baltia.ropefest.com\/lv\/wp-json\/wp\/v2\/pages"}],"about":[{"href":"https:\/\/www.baltia.ropefest.com\/lv\/wp-json\/wp\/v2\/types\/page"}],"author":[{"embeddable":true,"href":"https:\/\/www.baltia.ropefest.com\/lv\/wp-json\/wp\/v2\/users\/1"}],"replies":[{"embeddable":true,"href":"https:\/\/www.baltia.ropefest.com\/lv\/wp-json\/wp\/v2\/comments?post=26"}],"version-history":[{"count":0,"href":"https:\/\/www.baltia.ropefest.com\/lv\/wp-json\/wp\/v2\/pages\/26\/revisions"}],"wp:attachment":[{"href":"https:\/\/www.baltia.ropefest.com\/lv\/wp-json\/wp\/v2\/media?parent=26"}],"curies":[{"name":"wp","href":"https:\/\/api.w.org\/{rel}","templated":true}]}}