{"id":7,"date":"2017-01-02T13:01:13","date_gmt":"2017-01-02T10:01:13","guid":{"rendered":"http:\/\/www.baltia.ropefest.com\/?page_id=7"},"modified":"2018-03-30T01:01:06","modified_gmt":"2018-03-29T22:01:06","slug":"address","status":"publish","type":"page","link":"https:\/\/www.baltia.ropefest.com\/lv\/address\/","title":{"rendered":"Adrese"},"content":{"rendered":"<p><a href=\"http:\/\/www.melnapiektdiena.lv\/contacts\" target=\"_blank\">Klubs &#8220;Meln\u0101 Piektdiena&#8221;<\/a><br \/>\nBr\u012bv\u012bbas gatve 193c, R\u012bga, Latvija<\/p>\n<p><iframe loading=\"lazy\" style=\"border: 0;\" src=\"https:\/\/www.google.com\/maps\/embed?pb=!1m18!1m12!1m3!1d914.320830525796!2d24.153170817356298!3d56.97220725761872!2m3!1f0!2f0!3f0!3m2!1i1024!2i768!4f13.1!3m3!1m2!1s0x46eece523f2cca25%3A0x8ae24ec9694be14f!2zQnLEq3bEq2JhcyBnYXR2ZSAxOTNDLCBWaWR6ZW1lcyBwcmlla8WhcGlsc8STdGEsIFLEq2dhLCBMVi0xMDM5LCDQm9Cw0YLQstC40Y8!5e0!3m2!1sru!2sru!4v1488221637619\" width=\"850\" height=\"350\" frameborder=\"0\" allowfullscreen=\"allowfullscreen\"><\/iframe><br \/>\n<\/p>","protected":false},"excerpt":{"rendered":"<p>Klubs &#8220;Meln\u0101 Piektdiena&#8221; Br\u012bv\u012bbas gatve 193c, R\u012bga, Latvija<\/p>\n","protected":false},"author":1,"featured_media":0,"parent":0,"menu_order":0,"comment_status":"closed","ping_status":"closed","template":"template-fullwidth.php","meta":{"footnotes":""},"class_list":["post-7","page","type-page","status-publish","hentry"],"_links":{"self":[{"href":"https:\/\/www.baltia.ropefest.com\/lv\/wp-json\/wp\/v2\/pages\/7","targetHints":{"allow":["GET"]}}],"collection":[{"href":"https:\/\/www.baltia.ropefest.com\/lv\/wp-json\/wp\/v2\/pages"}],"about":[{"href":"https:\/\/www.baltia.ropefest.com\/lv\/wp-json\/wp\/v2\/types\/page"}],"author":[{"embeddable":true,"href":"https:\/\/www.baltia.ropefest.com\/lv\/wp-json\/wp\/v2\/users\/1"}],"replies":[{"embeddable":true,"href":"https:\/\/www.baltia.ropefest.com\/lv\/wp-json\/wp\/v2\/comments?post=7"}],"version-history":[{"count":0,"href":"https:\/\/www.baltia.ropefest.com\/lv\/wp-json\/wp\/v2\/pages\/7\/revisions"}],"wp:attachment":[{"href":"https:\/\/www.baltia.ropefest.com\/lv\/wp-json\/wp\/v2\/media?parent=7"}],"curies":[{"name":"wp","href":"https:\/\/api.w.org\/{rel}","templated":true}]}}